{"id":19,"date":"2025-12-03T16:07:13","date_gmt":"2025-12-03T16:07:13","guid":{"rendered":"https:\/\/pastordelcaucaso.com.ar\/?page_id=19"},"modified":"2025-12-06T02:30:56","modified_gmt":"2025-12-06T02:30:56","slug":"historia","status":"publish","type":"page","link":"https:\/\/pastordelcaucaso.com.ar\/?page_id=19","title":{"rendered":"Historia"},"content":{"rendered":"\n<h2 class=\"wp-block-heading\">Nuestro Pasado <\/h2>\n\n\n\n<p class=\"has-text-align-left\"><strong>Historia escrita por Gariuc Valerian\u00a0en el a. 2002 sobre su experiencia personal en relaci\u00f3n con el \u00a0Perro Pastor Del Caucaso \u00a0\u00a0(criadero ex \u201cNistru\u201d Cordoba Argentina)<\/strong> \u00a0\u00a0\u00a0\u00a0\u00a0\u00a0\u00a0\u00a0\u00a0\u00a0\u00a0\u00a0\u00a0\u00a0\u00a0\u00a0\u00a0\u00a0\u00a0\u00a0\u00a0\u00a0\u00a0\u00a0\u00a0\u00a0\u00a0\u00a0\u00a0\u00a0\u00a0\u00a0\u00a0\u00a0\u00a0\u00a0\u00a0\u00a0\u00a0\u00a0\u00a0\u00a0\u00a0\u00a0\u00a0\u00a0\u00a0\u00a0\u00a0\u00a0\u00a0\u00a0\u00a0\u00a0\u00a0\u00a0\u00a0\u00a0\u00a0\u00a0\u00a0\u00a0\u00a0\u00a0\u00a0\u00a0\u00a0\u00a0\u00a0\u00a0\u00a0\u00a0\u00a0\u00a0\u00a0\u00a0\u00a0\u00a0\u00a0\u00a0\u00a0\u00a0\u00a0\u00a0\u00a0\u00a0\u00a0\u00a0\u00a0\u00a0\u00a0\u00a0\u00a0\u00a0\u00a0\u00a0\u00a0\u00a0\u00a0\u00a0\u00a0\u00a0\u00a0\u00a0\u00a0\u00a0\u00a0\u00a0\u00a0\u00a0\u00a0\u00a0\u00a0\u00a0\u00a0\u00a0\u00a0\u00a0\u00a0\u00a0\u00a0\u00a0\u00a0\u00a0\u00a0\u00a0\u00a0\u00a0\u00a0\u00a0\u00a0\u00a0\u00a0\u00a0\u00a0\u00a0\u00a0\u00a0\u00a0\u00a0\u00a0\u00a0<\/p>\n\n\n\n<p class=\"has-text-align-left\"> Gariuc Valerian (a.n. 1966 &#8211; a.f. 2005)<\/p>\n\n\n\n<p class=\"has-text-align-left\">La primera vez yo vi un \u00a8<strong>PPC\u00a8 (Perro Pastor del Caucaso),<\/strong> en 1983 (viv\u00eda en Republica Moldova del EX URSS), cuando tenia 17 a\u00f1os. El primer impulso fue de comprar uno, pero, siendo estudiante no me pod\u00eda permitir este lujo. No tenia ni siquiera un lugar permanente donde vivir y, menos todav\u00eda, plata, porque en este entonces un cachorro val\u00eda unos 600 rublos (equiv 800 \u2013 900$ USA).<\/p>\n\n\n\n<p class=\"has-text-align-left\">Pude realizar mi sue\u00f1o en 1986 cuando me case y nos regalaron los abuelos una parte de casa. Yo era estudiante, tenia una beca de 46 rublos (un d\u00f3lar en este entonces se cambiaba a 0,74 rublos) y tuve que endeudarme para comprar un cachorro que en este entonces lo pague en 400 rublos (sin pedigr\u00ed). Un buen cachorro de Perro Alem\u00e1n estaba en 50 rublos.<\/p>\n\n\n\n<p class=\"has-text-align-left\">Porque le cuento todo esto? Esta raza ingreso en mi mundo personal cuando yo tenia 20 a\u00f1os. Y me marco para siempre.<\/p>\n\n\n\n<p class=\"has-text-align-left\">El primer impulso en comprar un cachorro, en ser due\u00f1o de un Cauc\u00e1sico, fue para m\u00ed en este entonces, sin dudas el f\u00edsico del perro. Ahora, con una experiencia de 16 a\u00f1os de convivencia con la raza, me doy cuenta, que el tama\u00f1o, la fuerza de PPC no son las caracter\u00edsticas principales de la raza. El mundo interior del este Se\u00f1or Perro,&nbsp;<strong><em>su s\u00edquico muy sofisticado, sus reacciones rectas y casi nunca equivocadas, el sanissimo tipo comportamental y las caracter\u00edsticas de personalidad<\/em><\/strong>&nbsp;que lo hacen, en mi entender,<strong><em>&nbsp;\u00fanico e irrepetible en el mundo canino, son las caracter\u00edsticas definitorias de la raza<\/em><\/strong>. Por ende considero una aberraci\u00f3n cuando la descripci\u00f3n del Pastor de los Caucasos empieza con el f\u00edsico. No se lo merece!<\/p>\n\n\n\n<p class=\"has-text-align-left\"><strong>Es un perro de un solo due\u00f1o.&nbsp;<\/strong>Tiene un<strong>&nbsp;<em>impriting muy tard\u00edo<\/em><\/strong><em>,<\/em>&nbsp;pero tambi\u00e9n&nbsp;<strong><em>muy consistente<\/em><\/strong>. El perro que cambia de due\u00f1o despu\u00e9s de 7 \u2013 8 meses seguramente no va a aceptar el nuevo h\u00e1bitat social \u2013 depende del grado de la predisposici\u00f3n cong\u00e9nita la socializaci\u00f3n, muy individual en cada perro, como va a responder a este cambio. .&nbsp;<strong><em>Las relaciones con el amo son muy especiales. Casi nunca tormentosas, pero siempre llenos de devoci\u00f3n<\/em><\/strong>.<\/p>\n\n\n\n<p class=\"has-text-align-left\">Se puede discutir y se discute sobre&nbsp;<strong>los or\u00edgenes del PPC&nbsp;<\/strong>\u2013 cuando y de quien proviene. Para mi no son tan importantes estos aspectos del origen de esta raza. Me parece que la heterogeneidad constitucional que es muy importante en la raza es un argumento fuerte a favor de la participaci\u00f3n en su g\u00e9nesis de varias poblaciones locales (ahora inexistentes) de canes abor\u00edgenes que fueron agregando varios caracter\u00edsticas constitucionales a la raza paternal \u2013 eje \u2013 el&nbsp;Dogo de T\u00edbet.<\/p>\n\n\n\n<p class=\"has-text-align-left\"><strong>Los arquetipos del PPC<\/strong>, que son abundantes sin duda y no se reducen a la clasificaci\u00f3n habitual en perro de llanura y de monta\u00f1a, portan, sin duda, la imprenta de los conceptos est\u00e9tica especifico para cada uno de los pueblos&nbsp;&nbsp;creadores de esta bell\u00edsima raza incluyendo <strong><em>los valores incorruptibles \u2013 honestidad, devoci\u00f3n, correctitud, sacrificio<\/em>.&nbsp;<\/strong><\/p>\n\n\n\n<p class=\"has-text-align-left\">No es aconsejable a una persona de poco car\u00e1cter que se aventure llevarse a cargo un cachorro macho PPC. En&nbsp;&nbsp;el mejor de los casos la relaci\u00f3n entre ellos va a ser de convivencia mas o menos pacifista. Perro de mucha intuici\u00f3n, PPC enseguida siendo todav\u00eda cachorro, va a tratar las debilidades del due\u00f1o para instituir su liderazgo. Y lo que no se pudo amortiguar en un Cauc\u00e1sico cachorro nunca se va a realizar en un adulto de 80 \u2013 90 kg de peso. Cualquier intento de discusi\u00f3n de liderazgo se debe suprimir en PPC a muy temprana edad \u2013 cuanto antes mejor. El cachorro lo va a&nbsp;&nbsp;intentar \u2013 si o si, y muy probablemente reiteradamente, de ganarse el&nbsp;&nbsp;liderazgo. El PPC es un perro de jaur\u00eda, con altos criterios de sociabilidad que pr\u00e1cticamente son muy dif\u00edciles de encontrar en otros canes. La jerarqu\u00eda en la jaur\u00eda es bastante r\u00edgida y los intentos de rediscutirla enfrentan una respuesta pronta y muy violenta no solo de parte del dominante sino y de otros miembros de la jaur\u00eda, a veces jer\u00e1rquicamente inferiores al individuo que intenta a discutirlo, lo que pude ver en varias oportunidades en el caso de nuestros perros. Cuando el perro crece en ambiente social humano las cosas no cambian mucho -\u2013en dependencia de la edad cuando empieza a integrarse en la familia el PPC&nbsp;&nbsp;se identifica en grado diferente con un miembro mas de la familia. Por esto, como ocurre siempre, un perro que se formo en otro medio, otra jaur\u00eda, nunca va a aceptar en forma total el nuevo medio, si el cambio se produjo en el periodo de impriting avanzado, que siempre es m\u00e1s tard\u00edo en cauc\u00e1sico (termina a los 7 \u2013 8 meses).<\/p>\n\n\n\n<p class=\"has-text-align-left\">Que el cachorro va a intentar a discutir \u2013 no la quede ni la menor duda. Es muy enga\u00f1osa la&nbsp;&nbsp;impresi\u00f3n que te queda despu\u00e9s de un primer contacto con esta bolita que parece que siempre descansa&nbsp;&nbsp;&#8211; adentro siempre esta vigilando&nbsp;<strong><em>un gran psic\u00f3logo con mucha intuici\u00f3n, temperamento y inteligencia cong\u00e9nita.<\/em><\/strong>&nbsp;No subestimes al Cauc\u00e1sico \u2013 aqu\u00ed esta el principal error. Imag\u00ednese que trates no con un perro cualquiera \u2013 si le vas a entender y respetar la irrepetible inteligencia, vas a obtener&nbsp;<strong><em>el mejor Amigo de su vida.<\/em><\/strong><\/p>\n\n\n\n<p class=\"has-text-align-left\">No conozco las pautas por las cuales se dirige el Cauc\u00e1sico cuando elige el Amo \u2013 pero nunca se equivoca.&nbsp;<strong><em>Su Amo es el quien dicta a la familia<\/em><\/strong>, puede ser la abuela o el hijo menor, por supuesto con menor frecuencia que el padre o el hermano mayor.<\/p>\n\n\n\n<p class=\"has-text-align-left\"><strong>La caracter\u00edstica psicol\u00f3gica principal del Cauc\u00e1sico<\/strong>&nbsp;\u2013&nbsp;<strong><em>la fuerte adhesi\u00f3n a un solo dominante<\/em><\/strong>&nbsp;reduce su uso en servicio de guardia donde hay un gran movimiento de adiestradores. El Cauc\u00e1sico es un conservador y no acepta muchos cambios por la misma raz\u00f3n \u2013 la sobrevivencia de la jaur\u00eda y de cada uno de los componentes depende de la estabilidad en la misma.<\/p>\n\n\n\n<p class=\"has-text-align-left\">Lo que aprend\u00ed en mi experiencia: <strong>una lecci\u00f3n r\u00e1pida pero contundente y en tiempo \u00fatil<\/strong> lo hace al Cauc\u00e1sico renunciar a sus percusiones de supremac\u00eda.<\/p>\n\n\n\n<p class=\"has-text-align-left\">A veces hay personas que dicen: \u201cMire, mi perro ya tiene mas de un a\u00f1o y no lo vi atacando o defenderme\u201d.&nbsp;&nbsp;Entonces es muy probable que tenemos o un perro que todav\u00eda no se ubico definitivamente en la jerarqu\u00eda familiar o, una situaci\u00f3n con fuerte definici\u00f3n gen\u00e9tica, proviene de l\u00edneas con un \u201cdespertar\u201d tard\u00edo, o no tuvo la posibilidad de mostrar su actitud. Es muy dif\u00edcil que un PPC no realice sus instintos territoriales o de jaur\u00eda y una vez que lo hizo \u2013 es constante en realizaci\u00f3n de los mismos.<\/p>\n\n\n\n<p class=\"has-text-align-left\"><strong>Muy resistente al dolor.&nbsp;<\/strong>Tiene un lumbral de dolor muy parecido a las razas de pelea. Su protecci\u00f3n natural (<strong><em>un cuero en pliegues, f\u00e1cil de desplazar y muy grueso<\/em><\/strong>)&nbsp;<strong><em>y el alto umbral de dolor lo hacen muy resistentes a todo tipo de traumatismos.<\/em><\/strong>&nbsp;<\/p>\n\n\n\n<p class=\"has-text-align-left\">Cuando empez\u00e1bamos con la crianza de la raza muchos criadores con experiencia nos dec\u00edan que<br><strong>el Caucasiano tiene una caracter\u00edstica especifica de tomar decisiones por cuenta propia en situaciones extremos.<\/strong>&nbsp;Tuve por lo menos cinco experiencias, con varios de mis perros no adiestrados de esta raza cuando me defendieron fuera del patio de mi casa (dentro del patio, gracias a Dios, nadie no se aventuro atentar a nuestra seguridad).&nbsp;<strong><em>Siempre lo hicieron proporcionando respuesta&nbsp;<u>adecuada&nbsp;<\/u>a la gravedad de agresi\u00f3n,&nbsp;<\/em><\/strong>si nos guiamos por criterios de gradualidad del peligro aceptado por los humanos. En 16 a\u00f1os de amistad con los PPC no tuve, hasta ahora, necesidad de compensar a nadie por da\u00f1os materiales o morales.<\/p>\n\n\n\n<p class=\"has-text-align-left\">Aspecto de la relaci\u00f3n ni\u00f1o \u2013 Cauc\u00e1sico. No dejes a los ni\u00f1os que saquen al perro fuera del patio de la casa, cualquier sea el fin. La mejor formula en salir de paseo es: papi + hijo + cauc\u00e1so.<\/p>\n\n\n\n<p class=\"has-text-align-left\">Hablemos sobre <strong>las caracter\u00edsticas de guardi\u00e1n<\/strong>: el PPC es un&nbsp;<strong><em>perro territorial por excelencia<\/em><\/strong>. Acepta con cierta rigidez el cambio de tama\u00f1o del territorio o el cambio de lugar de residencia pero necesita muy poco tiempo para reactivar sus aptitudes de guardia. Una sola salida en la camioneta del Amo es suficiente para que el perro entienda que \u201cesto\u201d tambi\u00e9n hay que defender. Es un&nbsp;<strong><em>animal de poco ladrar<\/em><\/strong>&nbsp;(econom\u00eda de energ\u00eda),&nbsp;<strong><em>igualmente atento en cualquier momento de d\u00eda o de noche. Defienden la casa con igual celo con o sin presencia del Amo o otros miembros de la familia&nbsp;<\/em><\/strong>&nbsp;que lo favorece mucho en comparaci\u00f3n con otras razas de guardia. Tampoco tiene mucha importancia si comi\u00f3 o no lo hizo desde hace una semana \u2013 trabaja. Entre los cauc\u00e1sicos hay bastante mucho perros que atacan sin ladrar \u2013 se imagina Usted la sorpresa que la<br>espera al ladr\u00f3n?!<\/p>\n\n\n\n<p class=\"has-text-align-left\"><strong>El F\u00edsico<\/strong>.&nbsp;Creo que escribir esta parte se me va a dar con mucho mas dificultad que la primera. La descripci\u00f3n en cent\u00edmetros, puntos y grados lo puede encontrar en cualquier otra pagina web. Yo, sinceramente, nunca fui bueno en aplicar n\u00fameros en los seres vivos. Tengo mi proprio concepto sobre la belleza de PPC. Vamos a llamar este concepto&nbsp;<em>est\u00e1ndar del cauc\u00e1sico bello y funcional.<\/em><\/p>\n\n\n\n<p class=\"has-text-align-left\">No creas en la perfecci\u00f3n de esta raza \u2013 nadie esta exento de imperfecciones. Este perro es perfecto para mi y para las personas que tienen ciertas caracter\u00edsticas de personalidad compatibles con PPC. Capaz que con esta afirmaci\u00f3n voy a ahuyentar muchos potenciales compradores del Cauc\u00e1sico, pero lo que necesita este perro como Amo es una persona que conoce el precio de la vida, porque la vida es movimiento, experimento, conocimiento.<\/p>\n\n\n\n<p class=\"has-text-align-left\">Esta fierra, a pesar de las apariencias, es un portador de amor sin soluci\u00f3n ni remedio. Por esto, probablemente, no conoc\u00ed en mi Patria ninguna persona que despu\u00e9s de tener un Cauc\u00e1sico pueda \u201ccambiar de raza\u201d.<\/p>\n\n\n\n<figure class=\"wp-block-gallery has-nested-images columns-default is-cropped wp-block-gallery-1 is-layout-flex wp-block-gallery-is-layout-flex\">\n<figure class=\"wp-block-image size-large\"><img loading=\"lazy\" decoding=\"async\" width=\"368\" height=\"269\" data-id=\"63\" src=\"https:\/\/pastordelcaucaso.com.ar\/wp-content\/uploads\/2025\/12\/19.jpg\" alt=\"\" class=\"wp-image-63\" srcset=\"https:\/\/pastordelcaucaso.com.ar\/wp-content\/uploads\/2025\/12\/19.jpg 368w, https:\/\/pastordelcaucaso.com.ar\/wp-content\/uploads\/2025\/12\/19-300x219.jpg 300w\" sizes=\"auto, (max-width: 368px) 100vw, 368px\" \/><\/figure>\n\n\n\n<figure class=\"wp-block-image size-large\"><img loading=\"lazy\" decoding=\"async\" width=\"800\" height=\"523\" data-id=\"58\" src=\"https:\/\/pastordelcaucaso.com.ar\/wp-content\/uploads\/2025\/12\/2.jpg\" alt=\"\" class=\"wp-image-58\" srcset=\"https:\/\/pastordelcaucaso.com.ar\/wp-content\/uploads\/2025\/12\/2.jpg 800w, https:\/\/pastordelcaucaso.com.ar\/wp-content\/uploads\/2025\/12\/2-300x196.jpg 300w, https:\/\/pastordelcaucaso.com.ar\/wp-content\/uploads\/2025\/12\/2-768x502.jpg 768w\" sizes=\"auto, (max-width: 800px) 100vw, 800px\" \/><\/figure>\n\n\n\n<figure class=\"wp-block-image size-large\"><img loading=\"lazy\" decoding=\"async\" width=\"520\" height=\"336\" data-id=\"57\" src=\"https:\/\/pastordelcaucaso.com.ar\/wp-content\/uploads\/2025\/12\/27.jpg\" alt=\"\" class=\"wp-image-57\" srcset=\"https:\/\/pastordelcaucaso.com.ar\/wp-content\/uploads\/2025\/12\/27.jpg 520w, https:\/\/pastordelcaucaso.com.ar\/wp-content\/uploads\/2025\/12\/27-300x194.jpg 300w\" sizes=\"auto, (max-width: 520px) 100vw, 520px\" \/><\/figure>\n\n\n\n<figure class=\"wp-block-image size-large\"><img loading=\"lazy\" decoding=\"async\" width=\"509\" height=\"310\" data-id=\"56\" src=\"https:\/\/pastordelcaucaso.com.ar\/wp-content\/uploads\/2025\/12\/17.jpg\" alt=\"\" class=\"wp-image-56\" srcset=\"https:\/\/pastordelcaucaso.com.ar\/wp-content\/uploads\/2025\/12\/17.jpg 509w, https:\/\/pastordelcaucaso.com.ar\/wp-content\/uploads\/2025\/12\/17-300x183.jpg 300w\" sizes=\"auto, (max-width: 509px) 100vw, 509px\" \/><\/figure>\n\n\n\n<figure class=\"wp-block-image size-large\"><img loading=\"lazy\" decoding=\"async\" width=\"325\" height=\"452\" data-id=\"61\" src=\"https:\/\/pastordelcaucaso.com.ar\/wp-content\/uploads\/2025\/12\/26.jpg\" alt=\"\" class=\"wp-image-61\" srcset=\"https:\/\/pastordelcaucaso.com.ar\/wp-content\/uploads\/2025\/12\/26.jpg 325w, https:\/\/pastordelcaucaso.com.ar\/wp-content\/uploads\/2025\/12\/26-216x300.jpg 216w\" sizes=\"auto, (max-width: 325px) 100vw, 325px\" \/><\/figure>\n\n\n\n<figure class=\"wp-block-image size-large\"><img loading=\"lazy\" decoding=\"async\" width=\"587\" height=\"392\" data-id=\"62\" src=\"https:\/\/pastordelcaucaso.com.ar\/wp-content\/uploads\/2025\/12\/5.jpg\" alt=\"\" class=\"wp-image-62\" srcset=\"https:\/\/pastordelcaucaso.com.ar\/wp-content\/uploads\/2025\/12\/5.jpg 587w, https:\/\/pastordelcaucaso.com.ar\/wp-content\/uploads\/2025\/12\/5-300x200.jpg 300w\" sizes=\"auto, (max-width: 587px) 100vw, 587px\" \/><\/figure>\n\n\n\n<figure class=\"wp-block-image size-large\"><img loading=\"lazy\" decoding=\"async\" width=\"526\" height=\"806\" data-id=\"59\" src=\"https:\/\/pastordelcaucaso.com.ar\/wp-content\/uploads\/2025\/12\/1.jpg\" alt=\"\" class=\"wp-image-59\" srcset=\"https:\/\/pastordelcaucaso.com.ar\/wp-content\/uploads\/2025\/12\/1.jpg 526w, https:\/\/pastordelcaucaso.com.ar\/wp-content\/uploads\/2025\/12\/1-196x300.jpg 196w\" sizes=\"auto, (max-width: 526px) 100vw, 526px\" \/><\/figure>\n\n\n\n<figure class=\"wp-block-image size-large\"><img loading=\"lazy\" decoding=\"async\" width=\"386\" height=\"581\" data-id=\"60\" src=\"https:\/\/pastordelcaucaso.com.ar\/wp-content\/uploads\/2025\/12\/21-1.jpg\" alt=\"\" class=\"wp-image-60\" srcset=\"https:\/\/pastordelcaucaso.com.ar\/wp-content\/uploads\/2025\/12\/21-1.jpg 386w, https:\/\/pastordelcaucaso.com.ar\/wp-content\/uploads\/2025\/12\/21-1-199x300.jpg 199w\" sizes=\"auto, (max-width: 386px) 100vw, 386px\" \/><\/figure>\n<\/figure>\n\n\n\n<p><\/p>\n\n\n\n<p><\/p>\n\n\n\n<h2 class=\"wp-block-heading\">Nuestro Presente<\/h2>\n\n\n\n<p><strong>El presente surge de un pasado<\/strong><\/p>\n\n\n\n<p><strong>Criadero UDAR (ex Nistru)<\/strong><\/p>\n\n\n\n<p>Estamos en el a\u00f1o 2025 y ya 38 a\u00f1os que el Perro Pastor de Caucaso (PPC) esta en mi vida como un fiel Amigo, son muchos a\u00f1os? &nbsp;Seguro! &nbsp;Y 26 a\u00f1os&nbsp; de estos 38 en la tierra de mi querida Cordoba de Argentina. Pero faltan muchos mas a\u00f1os por delante y no me los imagino sin ellos. Vivimos en Cordoba Argentina y est\u00e1n bienvenidos a venir para conocer a estos perros sin compromiso alguno, porque todav\u00eda se conoce poco por aca.<\/p>\n\n\n\n<p>El inter\u00e9s hacia PPC se me despert\u00f3 muy lentamente. El primero apareci\u00f3 en mi vida a los 20 a\u00f1os, ya tenia mi primer hijo y al pasar los a\u00f1os yo estaba muy enfocada en la crianza de mis cuatro hijos y tenia poco tiempo de encari\u00f1arme con un perro que viv\u00eda en el patio, mas, le dir\u00eda que no estuve muy contenta cuando mi marido la trajo, aunque era un osito de peluche, yo estaba demasiado ocupada con mis hijo y la limpieza de mi casa. Poco a poco, muy lentamente mi inter\u00e9s hacia esta raza se despert\u00f3 porque ellos se ganaron mi confianza con cada actitud que me demostraban: su forma de cuidar la casa y a mis hijos, su devoci\u00f3n hacia nosotros, la paz que me hac\u00edan sentir , la seguridad en ellos mismos que transmiten y como si faltar\u00eda algo mas: nunca me voy a olvidar como en una discusi\u00f3n que tuve con mi marido (trat\u00e1bamos de resolver nuestra diferencia lejos de los ni\u00f1os pero nunca se me ocurri\u00f3 esconderme de los perros)una de las perras se cruzo entre nosotros y se planto como diciendo \u201cbasta, no lo hagan mas!\u201d y nosotros dos en el mismo instante nos tranquilizamos, fue inolvidable y hay me di cuenta de la nobleza de esta raza y que hay cosas mas importantes que el Ego. De ellos aprend\u00ed: la lealtad, la confianza, la quietud y como hay que defenderse. No me imagino mi vida sin ellos. Se ganaron, con el tiempo, mi devoci\u00f3n hacia ellos.<\/p>\n\n\n\n<p>La frase \u201c quien tuvo un PPC nunca mas quiere otra raza\u201d la comprob\u00e9 en mi y en muchos otros.<\/p>\n\n\n\n<p>Tuve que empezar mi vida de nuevo a los 40 a\u00f1os, pero no sin ellos.<\/p>\n\n\n\n<p>Junto con mi marido Cordobes Jorge, iniciamos nuestro nuevo camino, y claro, PPC esta acompa\u00f1\u00e1ndonos. Hemos tratado de mejorar la sangre de esta raza, como pudimos, no es barato importar, pero gracias a Dios, conoc\u00ed varios Argentinos que adoptaron esta raza como parte de su vida y de su familia y trajeron varios ejemplares de afuera.&nbsp; En primer lugar quiero mencionar a Lelia Reganzani due\u00f1a del Criadero \u201cLos Tarcos \u201c ubicado en Gomez De La Vega. Gracias a ella tenemos, en el presente, una muy buena sangre de PPC y le estoy muy agradecida, ella trajo varios ejemplares de varios pa\u00edses. Mi profundo reconocimiento a todos los Argentinos que confiaron en esta raza y que gastaron mucho dinero para traer sangre nueva de afuera.<\/p>\n\n\n\n<p>A los que lean estos renglones y tienen esta raza&nbsp; y a los que van a tenerla, les pido que no los mezclen con otras razas, mantengamos la pura porque el alma y el car\u00e1cter de esta raza no necesita cambio alguno.<\/p>\n\n\n\n<figure class=\"wp-block-gallery has-nested-images columns-default is-cropped wp-block-gallery-2 is-layout-flex wp-block-gallery-is-layout-flex\">\n<figure class=\"wp-block-image size-large\"><img loading=\"lazy\" decoding=\"async\" width=\"720\" height=\"960\" data-id=\"68\" src=\"https:\/\/pastordelcaucaso.com.ar\/wp-content\/uploads\/2025\/12\/IMG_3600-1.jpg\" alt=\"\" class=\"wp-image-68\" srcset=\"https:\/\/pastordelcaucaso.com.ar\/wp-content\/uploads\/2025\/12\/IMG_3600-1.jpg 720w, https:\/\/pastordelcaucaso.com.ar\/wp-content\/uploads\/2025\/12\/IMG_3600-1-225x300.jpg 225w\" sizes=\"auto, (max-width: 720px) 100vw, 720px\" \/><\/figure>\n\n\n\n<figure class=\"wp-block-image size-full\"><img loading=\"lazy\" decoding=\"async\" width=\"534\" height=\"693\" data-id=\"226\" src=\"https:\/\/pastordelcaucaso.com.ar\/wp-content\/uploads\/2025\/12\/IMG-20251204-WA0149.jpg\" alt=\"\" class=\"wp-image-226\" srcset=\"https:\/\/pastordelcaucaso.com.ar\/wp-content\/uploads\/2025\/12\/IMG-20251204-WA0149.jpg 534w, https:\/\/pastordelcaucaso.com.ar\/wp-content\/uploads\/2025\/12\/IMG-20251204-WA0149-231x300.jpg 231w\" sizes=\"auto, (max-width: 534px) 100vw, 534px\" \/><\/figure>\n\n\n\n<figure class=\"wp-block-image size-large\"><img loading=\"lazy\" decoding=\"async\" width=\"720\" height=\"960\" data-id=\"66\" src=\"https:\/\/pastordelcaucaso.com.ar\/wp-content\/uploads\/2025\/12\/IMG_3605.jpg\" alt=\"\" class=\"wp-image-66\" srcset=\"https:\/\/pastordelcaucaso.com.ar\/wp-content\/uploads\/2025\/12\/IMG_3605.jpg 720w, https:\/\/pastordelcaucaso.com.ar\/wp-content\/uploads\/2025\/12\/IMG_3605-225x300.jpg 225w\" sizes=\"auto, (max-width: 720px) 100vw, 720px\" \/><\/figure>\n\n\n\n<figure class=\"wp-block-image size-large\"><img loading=\"lazy\" decoding=\"async\" width=\"1024\" height=\"768\" data-id=\"228\" src=\"https:\/\/pastordelcaucaso.com.ar\/wp-content\/uploads\/2025\/12\/IMG-20251204-WA0163-1024x768.jpg\" alt=\"\" class=\"wp-image-228\" srcset=\"https:\/\/pastordelcaucaso.com.ar\/wp-content\/uploads\/2025\/12\/IMG-20251204-WA0163-1024x768.jpg 1024w, https:\/\/pastordelcaucaso.com.ar\/wp-content\/uploads\/2025\/12\/IMG-20251204-WA0163-300x225.jpg 300w, https:\/\/pastordelcaucaso.com.ar\/wp-content\/uploads\/2025\/12\/IMG-20251204-WA0163-768x576.jpg 768w, https:\/\/pastordelcaucaso.com.ar\/wp-content\/uploads\/2025\/12\/IMG-20251204-WA0163-440x330.jpg 440w, https:\/\/pastordelcaucaso.com.ar\/wp-content\/uploads\/2025\/12\/IMG-20251204-WA0163-920x690.jpg 920w, https:\/\/pastordelcaucaso.com.ar\/wp-content\/uploads\/2025\/12\/IMG-20251204-WA0163.jpg 1280w\" sizes=\"auto, (max-width: 1024px) 100vw, 1024px\" \/><\/figure>\n<\/figure>\n\n\n\n<figure class=\"wp-block-gallery has-nested-images columns-default is-cropped wp-block-gallery-3 is-layout-flex wp-block-gallery-is-layout-flex\">\n<figure class=\"wp-block-image size-large\"><img loading=\"lazy\" decoding=\"async\" width=\"768\" height=\"1024\" data-id=\"229\" src=\"https:\/\/pastordelcaucaso.com.ar\/wp-content\/uploads\/2025\/12\/IMG-20251204-WA0197-768x1024.jpg\" alt=\"\" class=\"wp-image-229\" srcset=\"https:\/\/pastordelcaucaso.com.ar\/wp-content\/uploads\/2025\/12\/IMG-20251204-WA0197-768x1024.jpg 768w, https:\/\/pastordelcaucaso.com.ar\/wp-content\/uploads\/2025\/12\/IMG-20251204-WA0197-225x300.jpg 225w, https:\/\/pastordelcaucaso.com.ar\/wp-content\/uploads\/2025\/12\/IMG-20251204-WA0197.jpg 960w\" sizes=\"auto, (max-width: 768px) 100vw, 768px\" \/><\/figure>\n<\/figure>\n\n\n\n<figure class=\"wp-block-image size-large\"><img loading=\"lazy\" decoding=\"async\" width=\"1024\" height=\"768\" src=\"https:\/\/pastordelcaucaso.com.ar\/wp-content\/uploads\/2025\/12\/IMG-20251204-WA0048-1024x768.jpg\" alt=\"\" class=\"wp-image-230\" srcset=\"https:\/\/pastordelcaucaso.com.ar\/wp-content\/uploads\/2025\/12\/IMG-20251204-WA0048-1024x768.jpg 1024w, https:\/\/pastordelcaucaso.com.ar\/wp-content\/uploads\/2025\/12\/IMG-20251204-WA0048-300x225.jpg 300w, https:\/\/pastordelcaucaso.com.ar\/wp-content\/uploads\/2025\/12\/IMG-20251204-WA0048-768x576.jpg 768w, https:\/\/pastordelcaucaso.com.ar\/wp-content\/uploads\/2025\/12\/IMG-20251204-WA0048-440x330.jpg 440w, https:\/\/pastordelcaucaso.com.ar\/wp-content\/uploads\/2025\/12\/IMG-20251204-WA0048-920x690.jpg 920w, https:\/\/pastordelcaucaso.com.ar\/wp-content\/uploads\/2025\/12\/IMG-20251204-WA0048.jpg 1280w\" sizes=\"auto, (max-width: 1024px) 100vw, 1024px\" \/><\/figure>\n","protected":false},"excerpt":{"rendered":"<p>Nuestro Pasado Historia escrita por Gariuc Valerian\u00a0en el a. 2002 sobre su experiencia personal en relaci\u00f3n con el \u00a0Perro Pastor<\/p>\n<p><a href=\"https:\/\/pastordelcaucaso.com.ar\/?page_id=19\" class=\"more-link\">Continue reading<span class=\"screen-reader-text\">Historia<\/span><\/a><\/p>\n","protected":false},"author":1,"featured_media":0,"parent":0,"menu_order":0,"comment_status":"closed","ping_status":"closed","template":"","meta":{"om_disable_all_campaigns":false,"_monsterinsights_skip_tracking":false,"_monsterinsights_sitenote_active":false,"_monsterinsights_sitenote_note":"","_monsterinsights_sitenote_category":0,"footnotes":""},"class_list":["post-19","page","type-page","status-publish","hentry"],"aioseo_notices":[],"_links":{"self":[{"href":"https:\/\/pastordelcaucaso.com.ar\/index.php?rest_route=\/wp\/v2\/pages\/19","targetHints":{"allow":["GET"]}}],"collection":[{"href":"https:\/\/pastordelcaucaso.com.ar\/index.php?rest_route=\/wp\/v2\/pages"}],"about":[{"href":"https:\/\/pastordelcaucaso.com.ar\/index.php?rest_route=\/wp\/v2\/types\/page"}],"author":[{"embeddable":true,"href":"https:\/\/pastordelcaucaso.com.ar\/index.php?rest_route=\/wp\/v2\/users\/1"}],"replies":[{"embeddable":true,"href":"https:\/\/pastordelcaucaso.com.ar\/index.php?rest_route=%2Fwp%2Fv2%2Fcomments&post=19"}],"version-history":[{"count":7,"href":"https:\/\/pastordelcaucaso.com.ar\/index.php?rest_route=\/wp\/v2\/pages\/19\/revisions"}],"predecessor-version":[{"id":255,"href":"https:\/\/pastordelcaucaso.com.ar\/index.php?rest_route=\/wp\/v2\/pages\/19\/revisions\/255"}],"wp:attachment":[{"href":"https:\/\/pastordelcaucaso.com.ar\/index.php?rest_route=%2Fwp%2Fv2%2Fmedia&parent=19"}],"curies":[{"name":"wp","href":"https:\/\/api.w.org\/{rel}","templated":true}]}}